{"id":64,"date":"2016-01-31T21:38:25","date_gmt":"2016-01-31T20:38:25","guid":{"rendered":"http:\/\/web-server\/wordpress\/?page_id=64"},"modified":"2018-05-19T10:52:32","modified_gmt":"2018-05-19T10:52:32","slug":"impressum-datenschutz","status":"publish","type":"page","link":"https:\/\/www.lb-id.de\/?page_id=64","title":{"rendered":"Impressum"},"content":{"rendered":"<h2 id=\"page-title\" class=\"title\">Lutz Becker Ingenieurdienstleistungen<\/h2>\n<div class=\"region region-content\">\n<div id=\"block-system-main\" class=\"block block-system first last odd\">\n<div class=\"content\">\n<div id=\"node-2\" class=\"node node-page view-mode-full clearfix\">\n<div class=\"content\">\n<div class=\"field field-name-body field-type-text-with-summary field-label-hidden\">\n<div class=\"field-items\">\n<div class=\"field-item even\">\n<p>Nimrodstr. 21<br \/>\n82110 Germering<\/p>\n<p>Inhaber: Lutz Becker<br \/>\nFon: \u00a0 \u00a0 \u00a0 \u00a0 \u00a0 \u00a0 \u00a0 \u00a0+49 89 80042593<br \/>\nFax: \u00a0 \u00a0 \u00a0 \u00a0 \u00a0 \u00a0 \u00a0 \u00a0+49 89 20949636<br \/>\nE-Mail: \u00a0 \u00a0 \u00a0 \u00a0 \u00a0<a href=\"mailto:kontakt@lb-id.de\">kontakt@lb-id.de<br \/>\n<\/a>Internet: \u00a0 \u00a0 \u00a0 <a href=\"https:\/\/www.lb-id.de\">https:\/\/www.lb-id.de<\/a><\/p>\n<p>Ust-Ident-Nummer:\u00a0DE305058693<\/p>\n<p>Inhaltlich Verantwortlicher gem\u00e4\u00df \u00a7 55 Abs. 2 RStV: Lutz Becker, Lutz Becker Ingenieurdienstleistungen, Nimrodstr.21, 82110 Germering<\/p>\n<hr \/>\n<h2>\u00dcber unsere Internetseiten<\/h2>\n<h3>1. Inhalt des Onlineangebotes<\/h3>\n<p>Lutz Becker Ingenieurdienstleistungen (nachfolgend Lutz Becker ID)\u00a0\u00fcbernimmt keinerlei Gew\u00e4hr f\u00fcr die Aktualit\u00e4t, Korrektheit, Vollst\u00e4ndigkeit oder Qualit\u00e4t der bereitgestellten Informationen. Haftungsanspr\u00fcche gegen Lutz Becker ID, welche sich auf Sch\u00e4den materieller oder ideeller Art beziehen, die durch die Nutzung oder Nichtnutzung der dargebotenen Informationen bzw. durch die Nutzung fehlerhafter und unvollst\u00e4ndiger Informationen verursacht wurden, sind grunds\u00e4tzlich ausgeschlossen, sofern seitens Lutz Becker ID\u00a0kein vors\u00e4tzliches oder grob fahrl\u00e4ssiges Verschulden vorliegt. Alle Angebote sind freibleibend und unverbindlich. Lutz Becker ID\u00a0beh\u00e4lt sich ausdr\u00fccklich vor, Teile der Seiten oder das gesamte Angebot ohne gesonderte Ank\u00fcndigung zu ver\u00e4ndern, zu erg\u00e4nzen, zu l\u00f6schen oder die Ver\u00f6ffentlichung zeitweise oder endg\u00fcltig einzustellen.<\/p>\n<h3>2. Verweise und Links<\/h3>\n<p>Bei direkten oder indirekten Verweisen auf fremde Webseiten (&#8222;Hyperlinks&#8220;), die au\u00dferhalb des Verantwortungsbereiches von Lutz Becker ID\u00a0liegen, w\u00fcrde eine Haftungsverpflichtung ausschlie\u00dflich in dem Fall in Kraft treten, in dem Lutz Becker ID\u00a0von den Inhalten Kenntnis hat und es Lutz Becker ID\u00a0technisch m\u00f6glich und zumutbar w\u00e4re, die Nutzung im Falle rechtswidriger Inhalte zu verhindern.<\/p>\n<p>Lutz Becker ID\u00a0erkl\u00e4rt hiermit ausdr\u00fccklich, dass zum Zeitpunkt der Linksetzung keine illegalen Inhalte auf den zu verlinkenden Seiten erkennbar waren. Auf die aktuelle und zuk\u00fcnftige Gestaltung, die Inhalte oder die Urheberschaft der gelinkten\/verkn\u00fcpften Seiten hat Lutz Becker ID\u00a0keinerlei Einfluss. Deshalb distanziert sich Widemann Systeme hiermit ausdr\u00fccklich von allen Inhalten aller gelinkten\/verkn\u00fcpften Seiten, die nach der Linksetzung ver\u00e4ndert wurden. Diese Feststellung gilt f\u00fcr alle innerhalb des eigenen Internetangebotes gesetzten Links und Verweise. F\u00fcr illegale, fehlerhafte oder unvollst\u00e4ndige Inhalte und insbesondere f\u00fcr Sch\u00e4den, die aus der Nutzung oder Nichtnutzung solcherart dargebotener Informationen entstehen, haftet allein der Anbieter der Seite, auf welche verwiesen wurde, nicht derjenige, der \u00fcber Links auf die jeweilige Ver\u00f6ffentlichung lediglich verweist.<\/p>\n<h3>3. Urheber- und Kennzeichenrecht<\/h3>\n<p>Alle Firmen- und Produktbezeichnungen sind Marken der jeweiligen Inhaber oder anderweitig urheberrechtlich durch diese gesch\u00fctzt.<\/p>\n<p>Alle innerhalb des Internetangebotes genannten und ggf. durch Dritte gesch\u00fctzten Marken- und Warenzeichen unterliegen uneingeschr\u00e4nkt den Bestimmungen des jeweils g\u00fcltigen Kennzeichenrechts und den Besitzrechten der jeweiligen eingetragenen Eigent\u00fcmer.<\/p>\n<p>Das Copyright f\u00fcr ver\u00f6ffentlichte, von Lutz Becker ID\u00a0selbst erstellte Objekte bleibt allein bei Lutz Becker ID. Eine Vervielf\u00e4ltigung oder Verwendung solcher Grafiken, Tondokumente, Videosequenzen und Texte in anderen elektronischen oder gedruckten Publikationen ist ohne ausdr\u00fcckliche Zustimmung von Widemann Systeme nicht gestattet.<\/p>\n<h3><a id=\"datenschutz\" name=\"datenschutz\"><\/a><\/h3>\n<a class=\"maxbutton-1 maxbutton maxbutton-zur-startseite\" href=\"http:\/\/www.lb-id.de\"><span class='mb-text'>Zur\u00fcck zur Startseite<\/span><\/a>\n<\/div>\n<\/div>\n<\/div>\n<\/div>\n<\/div>\n<\/div>\n<\/div>\n<\/div>\n","protected":false},"excerpt":{"rendered":"<p>Lutz Becker Ingenieurdienstleistungen Nimrodstr. 21 82110 Germering Inhaber: Lutz Becker Fon: \u00a0 \u00a0 \u00a0 \u00a0 \u00a0 \u00a0 \u00a0 \u00a0+49 89 80042593 Fax: \u00a0 \u00a0 \u00a0 \u00a0 \u00a0 \u00a0 \u00a0 \u00a0+49 89 20949636 E-Mail: \u00a0 \u00a0 \u00a0 \u00a0 \u00a0kontakt@lb-id.de Internet: \u00a0 \u00a0 \u00a0 https:\/\/www.lb-id.de Ust-Ident-Nummer:\u00a0DE305058693 Inhaltlich Verantwortlicher gem\u00e4\u00df \u00a7 55 Abs. 2 RStV: Lutz Becker, Lutz [&hellip;]<\/p>\n","protected":false},"author":1,"featured_media":0,"parent":0,"menu_order":0,"comment_status":"closed","ping_status":"closed","template":"","meta":[],"categories":[],"tags":[],"_links":{"self":[{"href":"https:\/\/www.lb-id.de\/index.php?rest_route=\/wp\/v2\/pages\/64"}],"collection":[{"href":"https:\/\/www.lb-id.de\/index.php?rest_route=\/wp\/v2\/pages"}],"about":[{"href":"https:\/\/www.lb-id.de\/index.php?rest_route=\/wp\/v2\/types\/page"}],"author":[{"embeddable":true,"href":"https:\/\/www.lb-id.de\/index.php?rest_route=\/wp\/v2\/users\/1"}],"replies":[{"embeddable":true,"href":"https:\/\/www.lb-id.de\/index.php?rest_route=%2Fwp%2Fv2%2Fcomments&post=64"}],"version-history":[{"count":8,"href":"https:\/\/www.lb-id.de\/index.php?rest_route=\/wp\/v2\/pages\/64\/revisions"}],"predecessor-version":[{"id":768,"href":"https:\/\/www.lb-id.de\/index.php?rest_route=\/wp\/v2\/pages\/64\/revisions\/768"}],"wp:attachment":[{"href":"https:\/\/www.lb-id.de\/index.php?rest_route=%2Fwp%2Fv2%2Fmedia&parent=64"}],"wp:term":[{"taxonomy":"category","embeddable":true,"href":"https:\/\/www.lb-id.de\/index.php?rest_route=%2Fwp%2Fv2%2Fcategories&post=64"},{"taxonomy":"post_tag","embeddable":true,"href":"https:\/\/www.lb-id.de\/index.php?rest_route=%2Fwp%2Fv2%2Ftags&post=64"}],"curies":[{"name":"wp","href":"https:\/\/api.w.org\/{rel}","templated":true}]}}