{"id":499,"date":"2016-02-09T17:58:48","date_gmt":"2016-02-09T16:58:48","guid":{"rendered":"http:\/\/web-server\/wordpress\/?page_id=499"},"modified":"2016-02-14T11:52:35","modified_gmt":"2016-02-14T11:52:35","slug":"das-unternehmen","status":"publish","type":"page","link":"https:\/\/www.lb-id.de\/?page_id=499","title":{"rendered":"Das Unternehmen"},"content":{"rendered":"<h1><span style=\"font-size: 18pt;\"><strong>Unternehmensidee<\/strong><\/span><\/h1>\n<p>Die fortschreitende Entwicklung der Rechentechnik, sowohl im Hard- als auch Software &#8211; Bereich, erm\u00f6glichen neue vielf\u00e4ltige Anwendungen der graphischen Darstellung. In Verbindung mit entsprechendem Fachwissen in der Messtechnik lassen sich damit bei\u00a0der Erfassung und Visualisierungen von Grundst\u00fccken, Geb\u00e4uden und sonstigen Objekten Ergebnisse erzielen, die noch vor wenigen Jahren undenkbar waren.<\/p>\n<p><strong>Wir wollen unseren Kunden die M\u00f6glichkeiten der modernen Rechentechnik \u00a0und im Bereich der Visualisierung erschlie\u00dfen und daf\u00fcr ein umfassendes Angebot an Dienstleistungen anbieten.<\/strong><\/p>\n<h1><span style=\"font-size: 18pt;\"><strong>Unternehmensgr\u00fcnder<\/strong><\/span><\/h1>\n<p>Lutz Becker ist durch seine Ausbildung zum Vermessungsingenieur sowie den langj\u00e4hrigen Erfahrungen, die er sowohl im vermessungstechnischen Innen- und Au\u00dfendienst aber auch bei der akademischen Arbeit sammelte mit der Erfassung und Erstellung von 3D-Modellen sowie den Methoden der Photogrammetrie sehr gut vertraut.<br \/>\nDie Verwendung von 3D-Modellen insbesondere zur Visualisierung war bisher auch auf Grund der fehlenden Fachkenntnisse der Anwender wenig verbreitet. Das Anliegen des Firmengr\u00fcnders war es\u00a0deshalb, eine\u00a0Verbindung zwischen den fachfremden Nutzern und der Technologie herzustellen und den Anwendern einen einfachen Zugang zu diesen Modellen zu erm\u00f6glichen.<\/p>\n<h2>Wichtige fachliche Stationen:<\/h2>\n<h3>Ausbildung:<\/h3>\n<p>1994 &#8211; 1996 \u00a0 \u00a0Fernstudium an der Hochschule f\u00fcr Wirtschaft und Technik (HTW) Dresden<\/p>\n<ul>\n<li>Abschluss als Diplomingenieur f\u00fcr Vermessungswesen (FH)<\/li>\n<li>Diplomarbeit: &#8222;Erweiterung eines GPS-Netzwerkes zur Untersuchung rezenter Erdkrustenbewegungen in der Bucht von San Francisco&#8220;<\/li>\n<\/ul>\n<p>1988 &#8211; 1991 \u00a0 \u00a0\u00a0Studium an der Ingenieurschule f\u00fcr Geod\u00e4sie und Karthographie Dresden<\/p>\n<ul>\n<li>Abschluss als Ingenieur f\u00fcr Vermessungswesen (FH)<\/li>\n<li>Ingenieurarbeit: &#8222;Untersuchung eines Schachtmesssystems&#8220;<\/li>\n<\/ul>\n<h3>Berufliche T\u00e4tigkeit:<\/h3>\n<p>1991 &#8211; 1999 \u00a0 \u00a0 T\u00e4tigkeit in verschiedene Vermessungsfirmen der Mettenmeier Gruppe<\/p>\n<ul>\n<li>Vorrangig Durchf\u00fchrung von Dienstleistungen f\u00fcr Energieversorger<\/li>\n<\/ul>\n<p>1999 &#8211; 2004 \u00a0 Wissenschaftlicher Mitarbeiter an der TU Clausthal<\/p>\n<ul>\n<li>Bearbeitung von Forschungsprojekten sowie Durchf\u00fchrung von vermessungstechnischen Dienstleistungen im Bergbau<\/li>\n<\/ul>\n<p>2005 &#8211; 2007 \u00a0 Support- und Entwicklungsingenieur bei Callidus Precision Systems GmbH<\/p>\n<ul>\n<li>Support, Vertriebsunterst\u00fctzung, Durchf\u00fchrung von Schulungen sowie Entwicklungsbeteiligung an 3D Laserscanner-Systemen<\/li>\n<\/ul>\n<p>2008 &#8211; Heute \u00a0Gesch\u00e4ftstellenleiter der Widemann Systeme Gmbh der Gesch\u00e4ftsstelle M\u00fcnchen<\/p>\n<ul>\n<li>Bearbeitung von Vertriebsprojekten im GIS- und CAD-Bereich<\/li>\n<\/ul>\n<a class=\"maxbutton-1 maxbutton maxbutton-zur-startseite\" href=\"http:\/\/www.lb-id.de\"><span class='mb-text'>Zur\u00fcck zur Startseite<\/span><\/a>\n","protected":false},"excerpt":{"rendered":"<p>Unternehmensidee Die fortschreitende Entwicklung der Rechentechnik, sowohl im Hard- als auch Software &#8211; Bereich, erm\u00f6glichen neue vielf\u00e4ltige Anwendungen der graphischen Darstellung. In Verbindung mit entsprechendem Fachwissen in der Messtechnik lassen sich damit bei\u00a0der Erfassung und Visualisierungen von Grundst\u00fccken, Geb\u00e4uden und sonstigen Objekten Ergebnisse erzielen, die noch vor wenigen Jahren undenkbar waren. Wir wollen unseren Kunden [&hellip;]<\/p>\n","protected":false},"author":1,"featured_media":0,"parent":0,"menu_order":0,"comment_status":"closed","ping_status":"closed","template":"","meta":[],"categories":[],"tags":[],"_links":{"self":[{"href":"https:\/\/www.lb-id.de\/index.php?rest_route=\/wp\/v2\/pages\/499"}],"collection":[{"href":"https:\/\/www.lb-id.de\/index.php?rest_route=\/wp\/v2\/pages"}],"about":[{"href":"https:\/\/www.lb-id.de\/index.php?rest_route=\/wp\/v2\/types\/page"}],"author":[{"embeddable":true,"href":"https:\/\/www.lb-id.de\/index.php?rest_route=\/wp\/v2\/users\/1"}],"replies":[{"embeddable":true,"href":"https:\/\/www.lb-id.de\/index.php?rest_route=%2Fwp%2Fv2%2Fcomments&post=499"}],"version-history":[{"count":2,"href":"https:\/\/www.lb-id.de\/index.php?rest_route=\/wp\/v2\/pages\/499\/revisions"}],"predecessor-version":[{"id":564,"href":"https:\/\/www.lb-id.de\/index.php?rest_route=\/wp\/v2\/pages\/499\/revisions\/564"}],"wp:attachment":[{"href":"https:\/\/www.lb-id.de\/index.php?rest_route=%2Fwp%2Fv2%2Fmedia&parent=499"}],"wp:term":[{"taxonomy":"category","embeddable":true,"href":"https:\/\/www.lb-id.de\/index.php?rest_route=%2Fwp%2Fv2%2Fcategories&post=499"},{"taxonomy":"post_tag","embeddable":true,"href":"https:\/\/www.lb-id.de\/index.php?rest_route=%2Fwp%2Fv2%2Ftags&post=499"}],"curies":[{"name":"wp","href":"https:\/\/api.w.org\/{rel}","templated":true}]}}