{"id":493,"date":"2016-02-07T15:24:32","date_gmt":"2016-02-07T14:24:32","guid":{"rendered":"http:\/\/web-server\/wordpress\/?page_id=493"},"modified":"2020-03-23T16:10:27","modified_gmt":"2020-03-23T16:10:27","slug":"massenermittlung","status":"publish","type":"page","link":"https:\/\/www.lb-id.de\/?page_id=493","title":{"rendered":"Ermittlung von Erdmassen f\u00fcr Steinbruch -, Kiesgruben &#8211; und Deponienbetreiber"},"content":{"rendered":"<p>Sie sind Deponie -, Steinbruch &#8211; oder Kiesgruben &#8211; Betreiber oder vertreiben Baustoffe und wollen in regelm\u00e4\u00dfigen Abst\u00e4nden Volumina ermitteln. Wir bieten Ihnen die kosteng\u00fcnstige Alternative zur terrestrischen Vermessung. Wir befliegen das Gel\u00e4nde, eine St\u00f6rung des laufenden Betriebes ist nahezu ausgeschlossen. Die durch die Luftbilder gewonnenen Daten gehen \u00fcber die M\u00f6glichkeiten eines reinen digitalen Gel\u00e4ndemodelles (DGM) hinaus, da im Gegensatz zu diesem auch \u00dcberh\u00e4nge erfasst werden k\u00f6nnen. Aus den Daten berechnen wir Erdmassen oder f\u00fchren Epochenvergleiche durch.<\/p>\n<p>Das folgende Beispiel zeigt einen ehemaligen Kalksteinbruch im Altm\u00fchltal. Dieser wird zur Zeit mit Abraum und Bruch von anderen Abbaugebieten wieder aufgef\u00fcllt und soll in naher Zukunft renaturiert werden. Die Aufnahme wurde in Zusammenarbeit mit unserem Partner Teamb\u00fcro Markert erstellt.<\/p>\n<p>Partnerb\u00fcro:<br \/>\n<a href=\"http:\/\/www.tb-markert.de\/\" target=\"_blank\" rel=\"noopener noreferrer\"> <img loading=\"lazy\" class=\"alignnone size-medium wp-image-660\" src=\"https:\/\/www.lb-id.de\/wp-content\/uploads\/2016\/02\/tb-markert-stadtplaner-300x69.jpg\" alt=\"tb-markert-stadtplaner\" width=\"300\" height=\"69\" srcset=\"https:\/\/www.lb-id.de\/wp-content\/uploads\/2016\/02\/tb-markert-stadtplaner-300x69.jpg 300w, https:\/\/www.lb-id.de\/wp-content\/uploads\/2016\/02\/tb-markert-stadtplaner.jpg 350w\" sizes=\"(max-width: 300px) 100vw, 300px\" \/><\/a><\/p>\n<div class=\"sketchfab-embed-wrapper\">\n<p style=\"font-size: 13px; font-weight: normal; margin: 5px; color: #4a4a4a;\">\n    <div class='imgover'>\n    <div class='container'>\n    <style>\n        \/*[class^=\"icovrm-\"], [class*=\" icovrm-\"]  {*\/\n        [class^=\"icovrm-\"], [class*=\" icovrm-\"] {\n            color:#99CC99;\n        }\n    <\/style>\n    <i id='first_canvasF' class='icovrm-img icon-ion-android-locate' ><\/i>\n    <i id='first_canvasR' class='icovrm-img icon-ion-loop' ><\/i>\n    &nbsp;\n    <i id='first_canvasZu' class='icovrm-img icon-ion-arrow-up-b' ><\/i>\n    <i id='first_canvasZd' class='icovrm-img icon-ion-arrow-down-b' ><\/i>\n    &nbsp;\n    &nbsp;\n    <i id='first_canvasFS' class='icovrm-img icon-ion-android-expand' ><\/i>\n    <!-- i id='first_canvasFS' class='icovrm-img icon-ion-android-contract' ><\/i -->\n    <!-- i id='icovrm icon-refresh' 'icovrm icon-ion-desktop'><\/i -->\n    <div id='first_canvasSpin'>\n        <img class='imgpreloader' src='https:\/\/www.lb-id.de\/wp-content\/plugins\/vrm360\/drag2spin.svg'>\n        <img class='imgpreloader' src='https:\/\/www.lb-id.de\/wp-content\/plugins\/vrm360\/ajax-loader.svg'\/>\n        <!-- changed svg viewBoxinside the svgs -->\n    <\/div>\n    <div id='first_canvasS' class='first_canvas' style='cursor:pointer;border: #D9D9D9; border-style:solid; border-width:1px; background-color: #D9D9D9'>\n    <\/div>\n    <\/div>\n    <\/div>\n    <script>\n    var autostart = false, backgcolor = '#D9D9D9', canvas_name = 'first_canvas';\n    var lightcolor = '#FFFFFF', light_intensity = 0.9, amb_lightcolor = '#9D9D9D', amb_light_intensity = 0.9;\n    var canvas_nameR = 'first_canvasR', canvas_nameFS = 'first_canvasFS', canvas_nameF = 'first_canvasF';\n    var canvas_nameS = 'first_canvasS', canvas_nameSpin = 'first_canvasSpin', canvas_nameM = 'first_canvasM';\n    var canvas_nameZu = 'first_canvasZu', canvas_nameZd = 'first_canvasZd', hide_cmds = 'false';\n    var model_url = 'https:\/\/www.lb-id.de\/wp-content\/uploads\/2020\/03\/Kalksteinbruch.obj', aspect_ratio = '1.8', initial_offset = '0.9', speed = '1.0';\n    var touchtime = 0, info_text = '', info_link = '', ground= false, ground_offset = 0.0;\n    var rx = 0, ry = 0, rz = 90, grid= false, back_image_url = '';\n    var lx = 2.0, ly = 2.0, lz = 10.0, isOnMobile = 'false';\n    var mesh_color = '#FF5533', ground_color = '#999999', debug_vrm = 'false';\n    <\/script>\n    <script src='https:\/\/www.lb-id.de\/wp-content\/plugins\/vrm360\/js\/main.js'\/><\/script>\n    <\/p>\n<\/div>\n","protected":false},"excerpt":{"rendered":"<p>Sie sind Deponie -, Steinbruch &#8211; oder Kiesgruben &#8211; Betreiber oder vertreiben Baustoffe und wollen in regelm\u00e4\u00dfigen Abst\u00e4nden Volumina ermitteln. Wir bieten Ihnen die kosteng\u00fcnstige Alternative zur terrestrischen Vermessung. Wir befliegen das Gel\u00e4nde, eine St\u00f6rung des laufenden Betriebes ist nahezu ausgeschlossen. Die durch die Luftbilder gewonnenen Daten gehen \u00fcber die M\u00f6glichkeiten eines reinen digitalen Gel\u00e4ndemodelles [&hellip;]<\/p>\n","protected":false},"author":1,"featured_media":0,"parent":0,"menu_order":0,"comment_status":"closed","ping_status":"closed","template":"","meta":[],"categories":[],"tags":[],"_links":{"self":[{"href":"https:\/\/www.lb-id.de\/index.php?rest_route=\/wp\/v2\/pages\/493"}],"collection":[{"href":"https:\/\/www.lb-id.de\/index.php?rest_route=\/wp\/v2\/pages"}],"about":[{"href":"https:\/\/www.lb-id.de\/index.php?rest_route=\/wp\/v2\/types\/page"}],"author":[{"embeddable":true,"href":"https:\/\/www.lb-id.de\/index.php?rest_route=\/wp\/v2\/users\/1"}],"replies":[{"embeddable":true,"href":"https:\/\/www.lb-id.de\/index.php?rest_route=%2Fwp%2Fv2%2Fcomments&post=493"}],"version-history":[{"count":12,"href":"https:\/\/www.lb-id.de\/index.php?rest_route=\/wp\/v2\/pages\/493\/revisions"}],"predecessor-version":[{"id":876,"href":"https:\/\/www.lb-id.de\/index.php?rest_route=\/wp\/v2\/pages\/493\/revisions\/876"}],"wp:attachment":[{"href":"https:\/\/www.lb-id.de\/index.php?rest_route=%2Fwp%2Fv2%2Fmedia&parent=493"}],"wp:term":[{"taxonomy":"category","embeddable":true,"href":"https:\/\/www.lb-id.de\/index.php?rest_route=%2Fwp%2Fv2%2Fcategories&post=493"},{"taxonomy":"post_tag","embeddable":true,"href":"https:\/\/www.lb-id.de\/index.php?rest_route=%2Fwp%2Fv2%2Ftags&post=493"}],"curies":[{"name":"wp","href":"https:\/\/api.w.org\/{rel}","templated":true}]}}