{"id":470,"date":"2016-02-06T17:21:02","date_gmt":"2016-02-06T16:21:02","guid":{"rendered":"http:\/\/web-server\/wordpress\/?page_id=470"},"modified":"2016-02-18T19:18:01","modified_gmt":"2016-02-18T19:18:01","slug":"3d-stadtmodelle-visualisierung","status":"publish","type":"page","link":"https:\/\/www.lb-id.de\/?page_id=470","title":{"rendered":"3D Stadtmodelle &#8211; Grundlage f\u00fcr die Stadtplanung"},"content":{"rendered":"<p>3D Stadtmodelle erlangen immer gr\u00f6\u00dfere Bedeutung in der Stadtplanung. Geplante Baugebiete und Geb\u00e4ude werden im Bestandsgel\u00e4nde dreidimensional visualisiert um so eine anschauliche Darstellung f\u00fcr B\u00fcrger, Entscheidungstr\u00e4ger und alle Beteiligten zur Verf\u00fcgung zu stellen. Ein Nachteil der meisten, bisher genutzten Stadtmodelle im sogenannten Level of Detail 2 (LOD2) ist, dass eine Textur fehlt und somit der Realit\u00e4tsgrad stark eingeschr\u00e4nkt ist. Mit unseren Modellen gehen wir einen Schritt weiter. In diesen werden nicht nur die Geb\u00e4ude und das Gel\u00e4nde in 3D sondern alle Objekte wie Bewuchs und Stra\u00dfenmoblierung mit ihren Texturen erfasst und dadurch eine deutlich realistischere, weniger sterile Darstellung erzeugt. Da die Modelle georeferenziert werden k\u00f6nnen, ist es auch m\u00f6glich, eine neue Bebauung in Form eines CAD-Modells im Modell zu visualisieren.<\/p>\n<p>Gerne helfen wir Ihnen bei der Erstellung Ihrer Modelle. Kontaktieren Sie uns.<\/p>\n<p><iframe loading=\"lazy\" src=\"https:\/\/sketchfab.com\/models\/fc760f26b7304aec9d024db0a2f1abec\/embed\" width=\"640\" height=\"480\" frameborder=\"0\" allowfullscreen=\"allowfullscreen\"><\/iframe><\/p>\n<p style=\"font-size: 13px; font-weight: normal; margin: 5px; color: #4a4a4a;\"><a style=\"font-weight: bold; color: #1caad9;\" href=\"https:\/\/sketchfab.com\/models\/fc760f26b7304aec9d024db0a2f1abec?utm_medium=embed&amp;utm_source=website&amp;utm_campain=share-popup\" target=\"_blank\">Montignac(large file!)<\/a><br \/>\nby <a style=\"font-weight: bold; color: #1caad9;\" href=\"https:\/\/sketchfab.com\/gerpho?utm_medium=embed&amp;utm_source=website&amp;utm_campain=share-popup\" target=\"_blank\">Gerpho<\/a><br \/>\non <a style=\"font-weight: bold; color: #1caad9;\" href=\"https:\/\/sketchfab.com?utm_medium=embed&amp;utm_source=website&amp;utm_campain=share-popup\" target=\"_blank\">Sketchfab<\/a><\/p>\n<p style=\"font-size: 13px; font-weight: normal; margin: 5px; color: #4a4a4a;\"><a class=\"maxbutton-1 maxbutton maxbutton-zur-startseite\" href=\"http:\/\/www.lb-id.de\"><span class='mb-text'>Zur\u00fcck zur Startseite<\/span><\/a><\/p>\n","protected":false},"excerpt":{"rendered":"<p>3D Stadtmodelle erlangen immer gr\u00f6\u00dfere Bedeutung in der Stadtplanung. Geplante Baugebiete und Geb\u00e4ude werden im Bestandsgel\u00e4nde dreidimensional visualisiert um so eine anschauliche Darstellung f\u00fcr B\u00fcrger, Entscheidungstr\u00e4ger und alle Beteiligten zur Verf\u00fcgung zu stellen. Ein Nachteil der meisten, bisher genutzten Stadtmodelle im sogenannten Level of Detail 2 (LOD2) ist, dass eine Textur fehlt und somit der [&hellip;]<\/p>\n","protected":false},"author":1,"featured_media":0,"parent":0,"menu_order":0,"comment_status":"closed","ping_status":"closed","template":"","meta":[],"categories":[],"tags":[],"_links":{"self":[{"href":"https:\/\/www.lb-id.de\/index.php?rest_route=\/wp\/v2\/pages\/470"}],"collection":[{"href":"https:\/\/www.lb-id.de\/index.php?rest_route=\/wp\/v2\/pages"}],"about":[{"href":"https:\/\/www.lb-id.de\/index.php?rest_route=\/wp\/v2\/types\/page"}],"author":[{"embeddable":true,"href":"https:\/\/www.lb-id.de\/index.php?rest_route=\/wp\/v2\/users\/1"}],"replies":[{"embeddable":true,"href":"https:\/\/www.lb-id.de\/index.php?rest_route=%2Fwp%2Fv2%2Fcomments&post=470"}],"version-history":[{"count":2,"href":"https:\/\/www.lb-id.de\/index.php?rest_route=\/wp\/v2\/pages\/470\/revisions"}],"predecessor-version":[{"id":602,"href":"https:\/\/www.lb-id.de\/index.php?rest_route=\/wp\/v2\/pages\/470\/revisions\/602"}],"wp:attachment":[{"href":"https:\/\/www.lb-id.de\/index.php?rest_route=%2Fwp%2Fv2%2Fmedia&parent=470"}],"wp:term":[{"taxonomy":"category","embeddable":true,"href":"https:\/\/www.lb-id.de\/index.php?rest_route=%2Fwp%2Fv2%2Fcategories&post=470"},{"taxonomy":"post_tag","embeddable":true,"href":"https:\/\/www.lb-id.de\/index.php?rest_route=%2Fwp%2Fv2%2Ftags&post=470"}],"curies":[{"name":"wp","href":"https:\/\/api.w.org\/{rel}","templated":true}]}}