{"id":451,"date":"2016-02-06T15:35:19","date_gmt":"2016-02-06T14:35:19","guid":{"rendered":"http:\/\/web-server\/wordpress\/?page_id=451"},"modified":"2020-03-23T17:04:59","modified_gmt":"2020-03-23T17:04:59","slug":"3d-immobilen-visulalisierung","status":"publish","type":"page","link":"https:\/\/www.lb-id.de\/?page_id=451","title":{"rendered":"3D Immobilien &#8211; und Architektur &#8211; Visualisierung"},"content":{"rendered":"<p>Bei dem Neubau von Gewerbe-, Wohn und auch \u00f6ffentlichen Geb\u00e4uden ist es bereits Standard, dass 3D-Architektur-Modelle zur anschaulichen Darstellung genutzt werden. Potentielle Kunden haben auch als Laien damit die M\u00f6glichkeit, einen realistischen Eindruck zu erhalten.<\/p>\n<p>Jetzt gibt es auch die M\u00f6glichkeit, Bestandsgeb\u00e4ude und Grundst\u00fccke effizient zu erfassen und kosteng\u00fcnstig in einem 3D Modell darzustellen!<\/p>\n<p>Erweitern Sie als Immobilienmakler Ihr Expose und bieten Sie damit Ihren Kunden einen hohen Mehrwert. Wir helfen Ihnen dabei, indem wir eine Immobilie vor Ort aufmessen, ein hochwertiges 3D-Modell erstellen und Ihnen dieses in Form einer Datei und einer Internetpr\u00e4sentation zur Verf\u00fcgung zu stellen.<\/p>\n<p>Vorteil der 3D Modelle:<br \/>\n&#8211; hochwertige Texturen<br \/>\n&#8211; hohe geometrische Genauigkeit<br \/>\n&#8211; Einbetten von Informationen<br \/>\n&#8211; realistischer Eindruck<br \/>\n&#8211; Absch\u00e4tzung von Gr\u00f6\u00dfenverh\u00e4ltnissen wesentlich besser als bei 2D-Bildern<\/p>\n<h3>Unsere Leistung: 3D Geb\u00e4ude &#8211; und Immobilien &#8211; Visualisierung<\/h3>\n<p>Die Erfassung vor Ort ben\u00f6tigt in der Regel nicht l\u00e4nger als eine Stunde, ist nat\u00fcrlich von der Gr\u00f6\u00dfe und Geometrie der Immobilie abh\u00e4ngig. Die erfassten Daten (Digitalbilder) werden danach im B\u00fcro rechentechnisch durch Fachsoftware und manuelle Bearbeitung in ein 3D-Modell umgesetzt. Auch dies erfolgt zeitnah, sodass Sie das Modell schnell f\u00fcr Ihr Expos\u00e9 zur Verf\u00fcgung haben. Wenn Sie es w\u00fcnschen, ver\u00f6ffentlichen wir es und Sie erhalten ein HTML &#8211; Makro, mit dem Sie das Modell in Ihren Internetauftritt schnell und einfach einbinden k\u00f6nnen. Des Weiteren k\u00f6nnen wir auch anbietet, das 3D Modell virtuell \u00fcber ein Headset anzuzeigen oder \u00fcber einen QR-Code, den Sie z. B. auf Flyern Ihren Kunden zur Verf\u00fcgung stellen k\u00f6nnen, aufzurufen und virtuell darzustellen.<\/p>\n<p>Sollten Sie an den Luftbildern oder einem Video interessiert sein, so k\u00f6nnen wir dies auch anbieten.<\/p>\n\n    <div class='imgover'>\n    <div class='container'>\n    <style>\n        \/*[class^=\"icovrm-\"], [class*=\" icovrm-\"]  {*\/\n        [class^=\"icovrm-\"], [class*=\" icovrm-\"] {\n            color:#99CC99;\n        }\n    <\/style>\n    <i id='first_canvasF' class='icovrm-img icon-ion-android-locate' ><\/i>\n    <i id='first_canvasR' class='icovrm-img icon-ion-loop' ><\/i>\n    &nbsp;\n    <i id='first_canvasZu' class='icovrm-img icon-ion-arrow-up-b' ><\/i>\n    <i id='first_canvasZd' class='icovrm-img icon-ion-arrow-down-b' ><\/i>\n    &nbsp;\n    &nbsp;\n    <i id='first_canvasFS' class='icovrm-img icon-ion-android-expand' ><\/i>\n    <!-- i id='first_canvasFS' class='icovrm-img icon-ion-android-contract' ><\/i -->\n    <!-- i id='icovrm icon-refresh' 'icovrm icon-ion-desktop'><\/i -->\n    <div id='first_canvasSpin'>\n        <img class='imgpreloader' src='https:\/\/www.lb-id.de\/wp-content\/plugins\/vrm360\/drag2spin.svg'>\n        <img class='imgpreloader' src='https:\/\/www.lb-id.de\/wp-content\/plugins\/vrm360\/ajax-loader.svg'\/>\n        <!-- changed svg viewBoxinside the svgs -->\n    <\/div>\n    <div id='first_canvasS' class='first_canvas' style='cursor:pointer;border: #D9D9D9; border-style:solid; border-width:1px; background-color: #D9D9D9'>\n    <\/div>\n    <\/div>\n    <\/div>\n    <script>\n    var autostart = true, backgcolor = '#D9D9D9', canvas_name = 'first_canvas';\n    var lightcolor = '#FFFFFF', light_intensity = 0.9, amb_lightcolor = '#9D9D9D', amb_light_intensity = 2;\n    var canvas_nameR = 'first_canvasR', canvas_nameFS = 'first_canvasFS', canvas_nameF = 'first_canvasF';\n    var canvas_nameS = 'first_canvasS', canvas_nameSpin = 'first_canvasSpin', canvas_nameM = 'first_canvasM';\n    var canvas_nameZu = 'first_canvasZu', canvas_nameZd = 'first_canvasZd', hide_cmds = 'false';\n    var model_url = 'https:\/\/www.lb-id.de\/wp-content\/uploads\/2020\/03\/Plauen.obj', aspect_ratio = '1.8', initial_offset = '0.9', speed = '1.0';\n    var touchtime = 0, info_text = '', info_link = '', ground= false, ground_offset = 2000;\n    var rx = -5, ry = 120, rz = 0, grid= false, back_image_url = '';\n    var lx = 2.0, ly = 2.0, lz = 10.0, isOnMobile = 'false';\n    var mesh_color = '#FF5533', ground_color = '#999999', debug_vrm = 'false';\n    <\/script>\n    <script src='https:\/\/www.lb-id.de\/wp-content\/plugins\/vrm360\/js\/main.js'\/><\/script>\n    \n<div class=\"sketchfab-embed-wrapper\">\n<p style=\"font-size: 13px; font-weight: normal; margin: 5px; color: #4a4a4a;\">\n<\/div>\n","protected":false},"excerpt":{"rendered":"<p>Bei dem Neubau von Gewerbe-, Wohn und auch \u00f6ffentlichen Geb\u00e4uden ist es bereits Standard, dass 3D-Architektur-Modelle zur anschaulichen Darstellung genutzt werden. Potentielle Kunden haben auch als Laien damit die M\u00f6glichkeit, einen realistischen Eindruck zu erhalten. Jetzt gibt es auch die M\u00f6glichkeit, Bestandsgeb\u00e4ude und Grundst\u00fccke effizient zu erfassen und kosteng\u00fcnstig in einem 3D Modell darzustellen! Erweitern [&hellip;]<\/p>\n","protected":false},"author":1,"featured_media":0,"parent":0,"menu_order":0,"comment_status":"closed","ping_status":"closed","template":"","meta":[],"categories":[],"tags":[],"_links":{"self":[{"href":"https:\/\/www.lb-id.de\/index.php?rest_route=\/wp\/v2\/pages\/451"}],"collection":[{"href":"https:\/\/www.lb-id.de\/index.php?rest_route=\/wp\/v2\/pages"}],"about":[{"href":"https:\/\/www.lb-id.de\/index.php?rest_route=\/wp\/v2\/types\/page"}],"author":[{"embeddable":true,"href":"https:\/\/www.lb-id.de\/index.php?rest_route=\/wp\/v2\/users\/1"}],"replies":[{"embeddable":true,"href":"https:\/\/www.lb-id.de\/index.php?rest_route=%2Fwp%2Fv2%2Fcomments&post=451"}],"version-history":[{"count":19,"href":"https:\/\/www.lb-id.de\/index.php?rest_route=\/wp\/v2\/pages\/451\/revisions"}],"predecessor-version":[{"id":922,"href":"https:\/\/www.lb-id.de\/index.php?rest_route=\/wp\/v2\/pages\/451\/revisions\/922"}],"wp:attachment":[{"href":"https:\/\/www.lb-id.de\/index.php?rest_route=%2Fwp%2Fv2%2Fmedia&parent=451"}],"wp:term":[{"taxonomy":"category","embeddable":true,"href":"https:\/\/www.lb-id.de\/index.php?rest_route=%2Fwp%2Fv2%2Fcategories&post=451"},{"taxonomy":"post_tag","embeddable":true,"href":"https:\/\/www.lb-id.de\/index.php?rest_route=%2Fwp%2Fv2%2Ftags&post=451"}],"curies":[{"name":"wp","href":"https:\/\/api.w.org\/{rel}","templated":true}]}}